{"id":702,"date":"2019-03-13T10:49:35","date_gmt":"2019-03-13T09:49:35","guid":{"rendered":"https:\/\/www.bestechnologies.fr\/engineering-departments\/"},"modified":"2020-05-15T17:06:24","modified_gmt":"2020-05-15T15:06:24","slug":"engineering-departments","status":"publish","type":"page","link":"https:\/\/www.bestechnologies.fr\/en\/engineering-departments\/","title":{"rendered":"Engineering departments"},"content":{"rendered":"\t\t<div data-elementor-type=\"wp-post\" data-elementor-id=\"702\" class=\"elementor elementor-702 elementor-313\">\n\t\t\t\t\t\t<div class=\"elementor-inner\">\n\t\t\t\t<div class=\"elementor-section-wrap\">\n\t\t\t\t\t\t\t\t\t<section class=\"elementor-section elementor-top-section elementor-element elementor-element-7126344 elementor-section-boxed elementor-section-height-default elementor-section-height-default\" data-id=\"7126344\" data-element_type=\"section\" data-settings=\"{&quot;background_background&quot;:&quot;classic&quot;}\">\n\t\t\t\t\t\t<div class=\"elementor-container elementor-column-gap-default\">\n\t\t\t\t\t\t\t<div class=\"elementor-row\">\n\t\t\t\t\t<div class=\"elementor-column elementor-col-100 elementor-top-column elementor-element elementor-element-0dc4ed0\" data-id=\"0dc4ed0\" data-element_type=\"column\">\n\t\t\t<div class=\"elementor-column-wrap elementor-element-populated\">\n\t\t\t\t\t\t\t<div class=\"elementor-widget-wrap\">\n\t\t\t\t\t\t<section class=\"elementor-section elementor-inner-section elementor-element elementor-element-d0035f9 elementor-section-boxed elementor-section-height-default elementor-section-height-default\" data-id=\"d0035f9\" data-element_type=\"section\">\n\t\t\t\t\t\t<div class=\"elementor-container elementor-column-gap-default\">\n\t\t\t\t\t\t\t<div class=\"elementor-row\">\n\t\t\t\t\t<div class=\"elementor-column elementor-col-100 elementor-inner-column elementor-element elementor-element-be5e6a4 bg-page-title\" data-id=\"be5e6a4\" data-element_type=\"column\">\n\t\t\t<div class=\"elementor-column-wrap elementor-element-populated\">\n\t\t\t\t\t\t\t<div class=\"elementor-widget-wrap\">\n\t\t\t\t\t\t<div class=\"elementor-element elementor-element-6d4af4e elementor-widget elementor-widget-heading\" data-id=\"6d4af4e\" data-element_type=\"widget\" data-widget_type=\"heading.default\">\n\t\t\t\t<div class=\"elementor-widget-container\">\n\t\t\t<h1 class=\"elementor-heading-title elementor-size-default\">Engineering departments<\/h1>\t\t<\/div>\n\t\t\t\t<\/div>\n\t\t\t\t\t\t<\/div>\n\t\t\t\t\t<\/div>\n\t\t<\/div>\n\t\t\t\t\t\t\t\t<\/div>\n\t\t\t\t\t<\/div>\n\t\t<\/section>\n\t\t\t\t<div class=\"elementor-element elementor-element-f875bb7 elementor-hidden-tablet elementor-hidden-phone elementor-widget elementor-widget-image\" data-id=\"f875bb7\" data-element_type=\"widget\" data-widget_type=\"image.default\">\n\t\t\t\t<div class=\"elementor-widget-container\">\n\t\t\t\t\t\t\t\t<div class=\"elementor-image\">\n\t\t\t\t\t\t\t\t\t\t\t\t<img decoding=\"async\" width=\"50\" height=\"85\" src=\"https:\/\/www.bestechnologies.fr\/wp-content\/uploads\/2019\/01\/bestechnologies-bureau-etudes.png\" class=\"attachment-full size-full wp-image-590\" alt=\"Design and programing\" loading=\"lazy\" \/>\t\t\t\t\t\t\t\t\t\t\t\t\t\t<\/div>\n\t\t\t\t\t\t<\/div>\n\t\t\t\t<\/div>\n\t\t\t\t<div class=\"elementor-element elementor-element-6548221 elementor-widget elementor-widget-image\" data-id=\"6548221\" data-element_type=\"widget\" data-widget_type=\"image.default\">\n\t\t\t\t<div class=\"elementor-widget-container\">\n\t\t\t\t\t\t\t\t<div class=\"elementor-image\">\n\t\t\t\t\t\t\t\t\t\t\t\t<img decoding=\"async\" width=\"486\" height=\"505\" src=\"https:\/\/www.bestechnologies.fr\/wp-content\/uploads\/2019\/03\/bureau-d-etudes-bestechnologies.png\" class=\"attachment-full size-full wp-image-576\" alt=\"Design and programing\" loading=\"lazy\" srcset=\"https:\/\/www.bestechnologies.fr\/wp-content\/uploads\/2019\/03\/bureau-d-etudes-bestechnologies.png 486w, https:\/\/www.bestechnologies.fr\/wp-content\/uploads\/2019\/03\/bureau-d-etudes-bestechnologies-289x300.png 289w\" sizes=\"(max-width: 486px) 100vw, 486px\" \/>\t\t\t\t\t\t\t\t\t\t\t\t\t\t<\/div>\n\t\t\t\t\t\t<\/div>\n\t\t\t\t<\/div>\n\t\t\t\t<section class=\"elementor-section elementor-inner-section elementor-element elementor-element-dcf9f2b elementor-section-boxed elementor-section-height-default elementor-section-height-default\" data-id=\"dcf9f2b\" data-element_type=\"section\" data-settings=\"{&quot;background_background&quot;:&quot;classic&quot;}\">\n\t\t\t\t\t\t<div class=\"elementor-container elementor-column-gap-default\">\n\t\t\t\t\t\t\t<div class=\"elementor-row\">\n\t\t\t\t\t<div class=\"elementor-column elementor-col-33 elementor-inner-column elementor-element elementor-element-0986331\" data-id=\"0986331\" data-element_type=\"column\">\n\t\t\t<div class=\"elementor-column-wrap elementor-element-populated\">\n\t\t\t\t\t\t\t<div class=\"elementor-widget-wrap\">\n\t\t\t\t\t\t<div class=\"elementor-element elementor-element-076290b elementor-widget elementor-widget-text-editor\" data-id=\"076290b\" data-element_type=\"widget\" data-widget_type=\"text-editor.default\">\n\t\t\t\t<div class=\"elementor-widget-container\">\n\t\t\t\t\t\t\t\t<div class=\"elementor-text-editor elementor-clearfix\">\n\t\t\t\t<p>CAD and CAM are integrated at the heart of the company for more than 15 years.<\/p>\n\t\t\t\t\t<\/div>\n\t\t\t\t\t\t<\/div>\n\t\t\t\t<\/div>\n\t\t\t\t\t\t<\/div>\n\t\t\t\t\t<\/div>\n\t\t<\/div>\n\t\t\t\t<div class=\"elementor-column elementor-col-33 elementor-inner-column elementor-element elementor-element-8e42b16\" data-id=\"8e42b16\" data-element_type=\"column\">\n\t\t\t<div class=\"elementor-column-wrap\">\n\t\t\t\t\t\t\t<div class=\"elementor-widget-wrap\">\n\t\t\t\t\t\t\t\t<\/div>\n\t\t\t\t\t<\/div>\n\t\t<\/div>\n\t\t\t\t<div class=\"elementor-column elementor-col-33 elementor-inner-column elementor-element elementor-element-d794d04\" data-id=\"d794d04\" data-element_type=\"column\">\n\t\t\t<div class=\"elementor-column-wrap elementor-element-populated\">\n\t\t\t\t\t\t\t<div class=\"elementor-widget-wrap\">\n\t\t\t\t\t\t<div class=\"elementor-element elementor-element-f792f5a elementor-widget elementor-widget-text-editor\" data-id=\"f792f5a\" data-element_type=\"widget\" data-widget_type=\"text-editor.default\">\n\t\t\t\t<div class=\"elementor-widget-container\">\n\t\t\t\t\t\t\t\t<div class=\"elementor-text-editor elementor-clearfix\">\n\t\t\t\t<p>This is why you can subcontract to us your developments, prototype and tools. On the basis of your technical specification, we are able to provide a turn-key solution (design programming and manufacturing).<\/p>\n\t\t\t\t\t<\/div>\n\t\t\t\t\t\t<\/div>\n\t\t\t\t<\/div>\n\t\t\t\t\t\t<\/div>\n\t\t\t\t\t<\/div>\n\t\t<\/div>\n\t\t\t\t\t\t\t\t<\/div>\n\t\t\t\t\t<\/div>\n\t\t<\/section>\n\t\t\t\t<div class=\"elementor-section elementor-inner-section elementor-element elementor-element-de2afc5 elementor-section-boxed elementor-section-height-default elementor-section-height-default\" data-id=\"de2afc5\" data-element_type=\"section\">\n\t\t\t\t\t\t<div class=\"elementor-container elementor-column-gap-default\">\n\t\t\t\t\t\t\t<div class=\"elementor-row\">\n\t\t\t\t\t<div class=\"elementor-column elementor-col-100 elementor-inner-column elementor-element elementor-element-2a08728\" data-id=\"2a08728\" data-element_type=\"column\">\n\t\t\t<div class=\"elementor-column-wrap elementor-element-populated\">\n\t\t\t\t\t\t\t<div class=\"elementor-widget-wrap\">\n\t\t\t\t\t\t<div class=\"elementor-element elementor-element-a6632df elementor-widget elementor-widget-text-editor\" data-id=\"a6632df\" data-element_type=\"widget\" data-widget_type=\"text-editor.default\">\n\t\t\t\t<div class=\"elementor-widget-container\">\n\t\t\t\t\t\t\t\t<div class=\"elementor-text-editor elementor-clearfix\">\n\t\t\t\t<p>We work also on a daily basis on test frames and checking fixtures for complex shaped parts, automotive textile parts, and plastic parts.<\/p>\n\t\t\t\t\t<\/div>\n\t\t\t\t\t\t<\/div>\n\t\t\t\t<\/div>\n\t\t\t\t\t\t<\/div>\n\t\t\t\t\t<\/div>\n\t\t<\/div>\n\t\t\t\t\t\t\t\t<\/div>\n\t\t\t\t\t<\/div>\n\t\t<\/div>\n\t\t\t\t\t\t<\/div>\n\t\t\t\t\t<\/div>\n\t\t<\/div>\n\t\t\t\t\t\t\t\t<\/div>\n\t\t\t\t\t<\/div>\n\t\t<\/section>\n\t\t\t\t<section class=\"elementor-section elementor-top-section elementor-element elementor-element-59eefab elementor-section-full_width elementor-section-content-middle elementor-section-height-default elementor-section-height-default\" data-id=\"59eefab\" data-element_type=\"section\" data-settings=\"{&quot;background_background&quot;:&quot;classic&quot;}\">\n\t\t\t\t\t\t<div class=\"elementor-container elementor-column-gap-default\">\n\t\t\t\t\t\t\t<div class=\"elementor-row\">\n\t\t\t\t\t<div class=\"elementor-column elementor-col-33 elementor-top-column elementor-element elementor-element-b2eb89d\" data-id=\"b2eb89d\" data-element_type=\"column\">\n\t\t\t<div class=\"elementor-column-wrap elementor-element-populated\">\n\t\t\t\t\t\t\t<div class=\"elementor-widget-wrap\">\n\t\t\t\t\t\t<div class=\"elementor-element elementor-element-0c22baa elementor-widget elementor-widget-image\" data-id=\"0c22baa\" data-element_type=\"widget\" data-widget_type=\"image.default\">\n\t\t\t\t<div class=\"elementor-widget-container\">\n\t\t\t\t\t\t\t\t<div class=\"elementor-image\">\n\t\t\t\t\t\t\t\t\t\t\t\t<img decoding=\"async\" src=\"https:\/\/www.bestechnologies.fr\/wp-content\/uploads\/elementor\/thumbs\/bureau-detudes-equipe-pro-o4pyz1sky543k4bqjzkz56com02wdp7gnkt4sgmggu.png\" title=\"A team of professionals\" alt=\"A team of professionals\" loading=\"lazy\" \/>\t\t\t\t\t\t\t\t\t\t\t\t\t\t<\/div>\n\t\t\t\t\t\t<\/div>\n\t\t\t\t<\/div>\n\t\t\t\t\t\t<\/div>\n\t\t\t\t\t<\/div>\n\t\t<\/div>\n\t\t\t\t<div class=\"elementor-column elementor-col-33 elementor-top-column elementor-element elementor-element-127d8d5\" data-id=\"127d8d5\" data-element_type=\"column\">\n\t\t\t<div class=\"elementor-column-wrap elementor-element-populated\">\n\t\t\t\t\t\t\t<div class=\"elementor-widget-wrap\">\n\t\t\t\t\t\t<div class=\"elementor-element elementor-element-c4615f5 elementor-widget elementor-widget-heading\" data-id=\"c4615f5\" data-element_type=\"widget\" data-widget_type=\"heading.default\">\n\t\t\t\t<div class=\"elementor-widget-container\">\n\t\t\t<h2 class=\"elementor-heading-title elementor-size-default\">A team<br> of professionals<\/h2>\t\t<\/div>\n\t\t\t\t<\/div>\n\t\t\t\t<div class=\"elementor-element elementor-element-009e21a elementor-widget elementor-widget-text-editor\" data-id=\"009e21a\" data-element_type=\"widget\" data-widget_type=\"text-editor.default\">\n\t\t\t\t<div class=\"elementor-widget-container\">\n\t\t\t\t\t\t\t\t<div class=\"elementor-text-editor elementor-clearfix\">\n\t\t\t\t<p>Our know-how covers a wide scope of knowledge, from build to print 5 axis complex milling, to the design of small standalone workstation, and all type of thermoforming, compressing, draping and cutting tools.<\/p>\n<p>Our team in the design office are accustomed to use the all web conferencing tools, in order to communicate swiftly and constantly with our customers. Our final target is to always provide the best compromise between technic and economic factor.<br \/>\nWe are open-minded about innovative products and co-conception with our customer is part of our culture.<\/p>\n\t\t\t\t\t<\/div>\n\t\t\t\t\t\t<\/div>\n\t\t\t\t<\/div>\n\t\t\t\t\t\t<\/div>\n\t\t\t\t\t<\/div>\n\t\t<\/div>\n\t\t\t\t<div class=\"elementor-column elementor-col-33 elementor-top-column elementor-element elementor-element-dc047d4\" data-id=\"dc047d4\" data-element_type=\"column\">\n\t\t\t<div class=\"elementor-column-wrap\">\n\t\t\t\t\t\t\t<div class=\"elementor-widget-wrap\">\n\t\t\t\t\t\t\t\t<\/div>\n\t\t\t\t\t<\/div>\n\t\t<\/div>\n\t\t\t\t\t\t\t\t<\/div>\n\t\t\t\t\t<\/div>\n\t\t<\/section>\n\t\t\t\t<section class=\"elementor-section elementor-top-section elementor-element elementor-element-5cac861 elementor-section-full_width elementor-section-content-middle elementor-reverse-mobile elementor-section-height-default elementor-section-height-default\" data-id=\"5cac861\" data-element_type=\"section\" data-settings=\"{&quot;background_background&quot;:&quot;classic&quot;}\">\n\t\t\t\t\t\t<div class=\"elementor-container elementor-column-gap-default\">\n\t\t\t\t\t\t\t<div class=\"elementor-row\">\n\t\t\t\t\t<div class=\"elementor-column elementor-col-33 elementor-top-column elementor-element elementor-element-c5d7214\" data-id=\"c5d7214\" data-element_type=\"column\">\n\t\t\t<div class=\"elementor-column-wrap\">\n\t\t\t\t\t\t\t<div class=\"elementor-widget-wrap\">\n\t\t\t\t\t\t\t\t<\/div>\n\t\t\t\t\t<\/div>\n\t\t<\/div>\n\t\t\t\t<div class=\"elementor-column elementor-col-33 elementor-top-column elementor-element elementor-element-7a13cb9\" data-id=\"7a13cb9\" data-element_type=\"column\">\n\t\t\t<div class=\"elementor-column-wrap elementor-element-populated\">\n\t\t\t\t\t\t\t<div class=\"elementor-widget-wrap\">\n\t\t\t\t\t\t<div class=\"elementor-element elementor-element-4a88a40 elementor-widget elementor-widget-heading\" data-id=\"4a88a40\" data-element_type=\"widget\" data-widget_type=\"heading.default\">\n\t\t\t\t<div class=\"elementor-widget-container\">\n\t\t\t<h2 class=\"elementor-heading-title elementor-size-default\">Our<br> equipment<\/h2>\t\t<\/div>\n\t\t\t\t<\/div>\n\t\t\t\t<div class=\"elementor-element elementor-element-ad8b4e0 elementor-widget elementor-widget-text-editor\" data-id=\"ad8b4e0\" data-element_type=\"widget\" data-widget_type=\"text-editor.default\">\n\t\t\t\t<div class=\"elementor-widget-container\">\n\t\t\t\t\t\t\t\t<div class=\"elementor-text-editor elementor-clearfix\">\n\t\t\t\t<p>CAD\/CAM workstations are changed every 3 years to maintain an up-to-date infrastructure and every software we own is maintained.<\/p>\n\t\t\t\t\t<\/div>\n\t\t\t\t\t\t<\/div>\n\t\t\t\t<\/div>\n\t\t\t\t\t\t<\/div>\n\t\t\t\t\t<\/div>\n\t\t<\/div>\n\t\t\t\t<div class=\"elementor-column elementor-col-33 elementor-top-column elementor-element elementor-element-d245a6a\" data-id=\"d245a6a\" data-element_type=\"column\">\n\t\t\t<div class=\"elementor-column-wrap elementor-element-populated\">\n\t\t\t\t\t\t\t<div class=\"elementor-widget-wrap\">\n\t\t\t\t\t\t<div class=\"elementor-element elementor-element-4a0aeda elementor-widget elementor-widget-image\" data-id=\"4a0aeda\" data-element_type=\"widget\" data-widget_type=\"image.default\">\n\t\t\t\t<div class=\"elementor-widget-container\">\n\t\t\t\t\t\t\t\t<div class=\"elementor-image\">\n\t\t\t\t\t\t\t\t\t\t\t\t<img decoding=\"async\" src=\"https:\/\/www.bestechnologies.fr\/wp-content\/uploads\/elementor\/thumbs\/bureau-detudes-nos-equipements-o4pz0dqcmoxq08e3s2ay6c96wnima9hru62w9kndns.png\" title=\"Our equipment\" alt=\"Our equipment\" loading=\"lazy\" \/>\t\t\t\t\t\t\t\t\t\t\t\t\t\t<\/div>\n\t\t\t\t\t\t<\/div>\n\t\t\t\t<\/div>\n\t\t\t\t\t\t<\/div>\n\t\t\t\t\t<\/div>\n\t\t<\/div>\n\t\t\t\t\t\t\t\t<\/div>\n\t\t\t\t\t<\/div>\n\t\t<\/section>\n\t\t\t\t\t\t\t\t\t<\/div>\n\t\t\t<\/div>\n\t\t\t\t\t<\/div>\n\t\t","protected":false},"excerpt":{"rendered":"<p>Engineering departments CAD and CAM are integrated at the heart of the company for more than 15 years. This is why you can subcontract to us your developments, prototype and tools. On the basis of your technical specification, we are able to provide a turn-key solution (design programming and manufacturing). We work also on a [&hellip;]<\/p>\n","protected":false},"author":4,"featured_media":0,"parent":0,"menu_order":0,"comment_status":"closed","ping_status":"closed","template":"","meta":[],"yoast_head":"<!-- This site is optimized with the Yoast SEO plugin v21.2 - https:\/\/yoast.com\/wordpress\/plugins\/seo\/ -->\n<title>Engineering departments, design and programing | Bestechnologies<\/title>\n<meta name=\"description\" content=\"Our teams in the Bestecnologies\u2019 engineering departments innovate in your new products\u2019 development. The design is at the heart of our society.\" \/>\n<meta name=\"robots\" content=\"index, follow, max-snippet:-1, max-image-preview:large, max-video-preview:-1\" \/>\n<link rel=\"canonical\" href=\"https:\/\/www.bestechnologies.fr\/en\/engineering-departments\/\" \/>\n<meta property=\"og:locale\" content=\"en_US\" \/>\n<meta property=\"og:type\" content=\"article\" \/>\n<meta property=\"og:title\" content=\"Engineering departments, design and programing | Bestechnologies\" \/>\n<meta property=\"og:description\" content=\"Our teams in the Bestecnologies\u2019 engineering departments innovate in your new products\u2019 development. The design is at the heart of our society.\" \/>\n<meta property=\"og:url\" content=\"https:\/\/www.bestechnologies.fr\/en\/engineering-departments\/\" \/>\n<meta property=\"og:site_name\" content=\"Bestechnologies\" \/>\n<meta property=\"article:modified_time\" content=\"2020-05-15T15:06:24+00:00\" \/>\n<meta property=\"og:image\" content=\"https:\/\/www.bestechnologies.fr\/wp-content\/uploads\/2019\/01\/bestechnologies-bureau-etudes.png\" \/>\n<meta name=\"twitter:card\" content=\"summary_large_image\" \/>\n<meta name=\"twitter:label1\" content=\"Est. reading time\" \/>\n\t<meta name=\"twitter:data1\" content=\"1 minute\" \/>\n<script type=\"application\/ld+json\" class=\"yoast-schema-graph\">{\"@context\":\"https:\/\/schema.org\",\"@graph\":[{\"@type\":\"WebPage\",\"@id\":\"https:\/\/www.bestechnologies.fr\/en\/engineering-departments\/\",\"url\":\"https:\/\/www.bestechnologies.fr\/en\/engineering-departments\/\",\"name\":\"Engineering departments, design and programing | Bestechnologies\",\"isPartOf\":{\"@id\":\"https:\/\/www.bestechnologies.fr\/#website\"},\"datePublished\":\"2019-03-13T09:49:35+00:00\",\"dateModified\":\"2020-05-15T15:06:24+00:00\",\"description\":\"Our teams in the Bestecnologies\u2019 engineering departments innovate in your new products\u2019 development. The design is at the heart of our society.\",\"breadcrumb\":{\"@id\":\"https:\/\/www.bestechnologies.fr\/en\/engineering-departments\/#breadcrumb\"},\"inLanguage\":\"en-US\",\"potentialAction\":[{\"@type\":\"ReadAction\",\"target\":[\"https:\/\/www.bestechnologies.fr\/en\/engineering-departments\/\"]}]},{\"@type\":\"BreadcrumbList\",\"@id\":\"https:\/\/www.bestechnologies.fr\/en\/engineering-departments\/#breadcrumb\",\"itemListElement\":[{\"@type\":\"ListItem\",\"position\":1,\"name\":\"Accueil\",\"item\":\"https:\/\/www.bestechnologies.fr\/\"},{\"@type\":\"ListItem\",\"position\":2,\"name\":\"Engineering departments\"}]},{\"@type\":\"WebSite\",\"@id\":\"https:\/\/www.bestechnologies.fr\/#website\",\"url\":\"https:\/\/www.bestechnologies.fr\/\",\"name\":\"Bestechnologies\",\"description\":\"Outillage, Usinage et Prototypage pour les secteurs de l\u2019automobile, a\u00e9ronautique et \u00e9nerg\u00e9tique\",\"publisher\":{\"@id\":\"https:\/\/www.bestechnologies.fr\/#organization\"},\"potentialAction\":[{\"@type\":\"SearchAction\",\"target\":{\"@type\":\"EntryPoint\",\"urlTemplate\":\"https:\/\/www.bestechnologies.fr\/?s={search_term_string}\"},\"query-input\":\"required name=search_term_string\"}],\"inLanguage\":\"en-US\"},{\"@type\":\"Organization\",\"@id\":\"https:\/\/www.bestechnologies.fr\/#organization\",\"name\":\"BESTECHNOLOGIES \/ SAS BESTEL\",\"url\":\"https:\/\/www.bestechnologies.fr\/\",\"logo\":{\"@type\":\"ImageObject\",\"inLanguage\":\"en-US\",\"@id\":\"https:\/\/www.bestechnologies.fr\/#\/schema\/logo\/image\/\",\"url\":\"https:\/\/www.bestechnologies.fr\/wp-content\/uploads\/2019\/01\/primary-retina-logo-bestechnologies.png\",\"contentUrl\":\"https:\/\/www.bestechnologies.fr\/wp-content\/uploads\/2019\/01\/primary-retina-logo-bestechnologies.png\",\"width\":585,\"height\":160,\"caption\":\"BESTECHNOLOGIES \/ SAS BESTEL\"},\"image\":{\"@id\":\"https:\/\/www.bestechnologies.fr\/#\/schema\/logo\/image\/\"},\"sameAs\":[\"https:\/\/www.linkedin.com\/company\/bestechnologies-sas-bestel\"]}]}<\/script>\n<!-- \/ Yoast SEO plugin. -->","yoast_head_json":{"title":"Engineering departments, design and programing | Bestechnologies","description":"Our teams in the Bestecnologies\u2019 engineering departments innovate in your new products\u2019 development. The design is at the heart of our society.","robots":{"index":"index","follow":"follow","max-snippet":"max-snippet:-1","max-image-preview":"max-image-preview:large","max-video-preview":"max-video-preview:-1"},"canonical":"https:\/\/www.bestechnologies.fr\/en\/engineering-departments\/","og_locale":"en_US","og_type":"article","og_title":"Engineering departments, design and programing | Bestechnologies","og_description":"Our teams in the Bestecnologies\u2019 engineering departments innovate in your new products\u2019 development. The design is at the heart of our society.","og_url":"https:\/\/www.bestechnologies.fr\/en\/engineering-departments\/","og_site_name":"Bestechnologies","article_modified_time":"2020-05-15T15:06:24+00:00","og_image":[{"url":"https:\/\/www.bestechnologies.fr\/wp-content\/uploads\/2019\/01\/bestechnologies-bureau-etudes.png"}],"twitter_card":"summary_large_image","twitter_misc":{"Est. reading time":"1 minute"},"schema":{"@context":"https:\/\/schema.org","@graph":[{"@type":"WebPage","@id":"https:\/\/www.bestechnologies.fr\/en\/engineering-departments\/","url":"https:\/\/www.bestechnologies.fr\/en\/engineering-departments\/","name":"Engineering departments, design and programing | Bestechnologies","isPartOf":{"@id":"https:\/\/www.bestechnologies.fr\/#website"},"datePublished":"2019-03-13T09:49:35+00:00","dateModified":"2020-05-15T15:06:24+00:00","description":"Our teams in the Bestecnologies\u2019 engineering departments innovate in your new products\u2019 development. The design is at the heart of our society.","breadcrumb":{"@id":"https:\/\/www.bestechnologies.fr\/en\/engineering-departments\/#breadcrumb"},"inLanguage":"en-US","potentialAction":[{"@type":"ReadAction","target":["https:\/\/www.bestechnologies.fr\/en\/engineering-departments\/"]}]},{"@type":"BreadcrumbList","@id":"https:\/\/www.bestechnologies.fr\/en\/engineering-departments\/#breadcrumb","itemListElement":[{"@type":"ListItem","position":1,"name":"Accueil","item":"https:\/\/www.bestechnologies.fr\/"},{"@type":"ListItem","position":2,"name":"Engineering departments"}]},{"@type":"WebSite","@id":"https:\/\/www.bestechnologies.fr\/#website","url":"https:\/\/www.bestechnologies.fr\/","name":"Bestechnologies","description":"Outillage, Usinage et Prototypage pour les secteurs de l\u2019automobile, a\u00e9ronautique et \u00e9nerg\u00e9tique","publisher":{"@id":"https:\/\/www.bestechnologies.fr\/#organization"},"potentialAction":[{"@type":"SearchAction","target":{"@type":"EntryPoint","urlTemplate":"https:\/\/www.bestechnologies.fr\/?s={search_term_string}"},"query-input":"required name=search_term_string"}],"inLanguage":"en-US"},{"@type":"Organization","@id":"https:\/\/www.bestechnologies.fr\/#organization","name":"BESTECHNOLOGIES \/ SAS BESTEL","url":"https:\/\/www.bestechnologies.fr\/","logo":{"@type":"ImageObject","inLanguage":"en-US","@id":"https:\/\/www.bestechnologies.fr\/#\/schema\/logo\/image\/","url":"https:\/\/www.bestechnologies.fr\/wp-content\/uploads\/2019\/01\/primary-retina-logo-bestechnologies.png","contentUrl":"https:\/\/www.bestechnologies.fr\/wp-content\/uploads\/2019\/01\/primary-retina-logo-bestechnologies.png","width":585,"height":160,"caption":"BESTECHNOLOGIES \/ SAS BESTEL"},"image":{"@id":"https:\/\/www.bestechnologies.fr\/#\/schema\/logo\/image\/"},"sameAs":["https:\/\/www.linkedin.com\/company\/bestechnologies-sas-bestel"]}]}},"_links":{"self":[{"href":"https:\/\/www.bestechnologies.fr\/en\/wp-json\/wp\/v2\/pages\/702"}],"collection":[{"href":"https:\/\/www.bestechnologies.fr\/en\/wp-json\/wp\/v2\/pages"}],"about":[{"href":"https:\/\/www.bestechnologies.fr\/en\/wp-json\/wp\/v2\/types\/page"}],"author":[{"embeddable":true,"href":"https:\/\/www.bestechnologies.fr\/en\/wp-json\/wp\/v2\/users\/4"}],"replies":[{"embeddable":true,"href":"https:\/\/www.bestechnologies.fr\/en\/wp-json\/wp\/v2\/comments?post=702"}],"version-history":[{"count":4,"href":"https:\/\/www.bestechnologies.fr\/en\/wp-json\/wp\/v2\/pages\/702\/revisions"}],"predecessor-version":[{"id":1096,"href":"https:\/\/www.bestechnologies.fr\/en\/wp-json\/wp\/v2\/pages\/702\/revisions\/1096"}],"wp:attachment":[{"href":"https:\/\/www.bestechnologies.fr\/en\/wp-json\/wp\/v2\/media?parent=702"}],"curies":[{"name":"wp","href":"https:\/\/api.w.org\/{rel}","templated":true}]}}