{"id":716,"date":"2019-03-13T11:25:32","date_gmt":"2019-03-13T10:25:32","guid":{"rendered":"https:\/\/www.bestechnologies.fr\/modelling\/"},"modified":"2020-05-15T17:06:43","modified_gmt":"2020-05-15T15:06:43","slug":"modelling","status":"publish","type":"page","link":"https:\/\/www.bestechnologies.fr\/en\/modelling\/","title":{"rendered":"Modelling"},"content":{"rendered":"\t\t<div data-elementor-type=\"wp-post\" data-elementor-id=\"716\" class=\"elementor elementor-716 elementor-358\">\n\t\t\t\t\t\t<div class=\"elementor-inner\">\n\t\t\t\t<div class=\"elementor-section-wrap\">\n\t\t\t\t\t\t\t\t\t<section class=\"elementor-section elementor-top-section elementor-element elementor-element-5fdb83e elementor-section-boxed elementor-section-height-default elementor-section-height-default\" data-id=\"5fdb83e\" data-element_type=\"section\" data-settings=\"{&quot;background_background&quot;:&quot;classic&quot;}\">\n\t\t\t\t\t\t<div class=\"elementor-container elementor-column-gap-default\">\n\t\t\t\t\t\t\t<div class=\"elementor-row\">\n\t\t\t\t\t<div class=\"elementor-column elementor-col-100 elementor-top-column elementor-element elementor-element-f053bf6\" data-id=\"f053bf6\" data-element_type=\"column\">\n\t\t\t<div class=\"elementor-column-wrap elementor-element-populated\">\n\t\t\t\t\t\t\t<div class=\"elementor-widget-wrap\">\n\t\t\t\t\t\t<section class=\"elementor-section elementor-inner-section elementor-element elementor-element-855f237 elementor-section-boxed elementor-section-height-default elementor-section-height-default\" data-id=\"855f237\" data-element_type=\"section\">\n\t\t\t\t\t\t<div class=\"elementor-container elementor-column-gap-default\">\n\t\t\t\t\t\t\t<div class=\"elementor-row\">\n\t\t\t\t\t<div class=\"elementor-column elementor-col-100 elementor-inner-column elementor-element elementor-element-ad31142 bg-page-title\" data-id=\"ad31142\" data-element_type=\"column\">\n\t\t\t<div class=\"elementor-column-wrap elementor-element-populated\">\n\t\t\t\t\t\t\t<div class=\"elementor-widget-wrap\">\n\t\t\t\t\t\t<div class=\"elementor-element elementor-element-1151540b elementor-widget elementor-widget-heading\" data-id=\"1151540b\" data-element_type=\"widget\" data-widget_type=\"heading.default\">\n\t\t\t\t<div class=\"elementor-widget-container\">\n\t\t\t<h1 class=\"elementor-heading-title elementor-size-default\">Modelling<\/h1>\t\t<\/div>\n\t\t\t\t<\/div>\n\t\t\t\t\t\t<\/div>\n\t\t\t\t\t<\/div>\n\t\t<\/div>\n\t\t\t\t\t\t\t\t<\/div>\n\t\t\t\t\t<\/div>\n\t\t<\/section>\n\t\t\t\t<div class=\"elementor-element elementor-element-42d3a557 elementor-hidden-tablet elementor-hidden-phone elementor-widget elementor-widget-image\" data-id=\"42d3a557\" data-element_type=\"widget\" data-widget_type=\"image.default\">\n\t\t\t\t<div class=\"elementor-widget-container\">\n\t\t\t\t\t\t\t\t<div class=\"elementor-image\">\n\t\t\t\t\t\t\t\t\t\t\t\t<img decoding=\"async\" width=\"70\" height=\"44\" src=\"https:\/\/www.bestechnologies.fr\/wp-content\/uploads\/2019\/01\/bestechnologies-modelage.png\" class=\"attachment-full size-full wp-image-587\" alt=\"Bestechnologies Modelling\" loading=\"lazy\" \/>\t\t\t\t\t\t\t\t\t\t\t\t\t\t<\/div>\n\t\t\t\t\t\t<\/div>\n\t\t\t\t<\/div>\n\t\t\t\t<div class=\"elementor-element elementor-element-3523cbb elementor-widget elementor-widget-image\" data-id=\"3523cbb\" data-element_type=\"widget\" data-widget_type=\"image.default\">\n\t\t\t\t<div class=\"elementor-widget-container\">\n\t\t\t\t\t\t\t\t<div class=\"elementor-image\">\n\t\t\t\t\t\t\t\t\t\t\t\t<img decoding=\"async\" width=\"486\" height=\"505\" src=\"https:\/\/www.bestechnologies.fr\/wp-content\/uploads\/2019\/03\/savoir-faire-modelage.png\" class=\"attachment-full size-full wp-image-573\" alt=\"Modelling\" loading=\"lazy\" srcset=\"https:\/\/www.bestechnologies.fr\/wp-content\/uploads\/2019\/03\/savoir-faire-modelage.png 486w, https:\/\/www.bestechnologies.fr\/wp-content\/uploads\/2019\/03\/savoir-faire-modelage-289x300.png 289w\" sizes=\"(max-width: 486px) 100vw, 486px\" \/>\t\t\t\t\t\t\t\t\t\t\t\t\t\t<\/div>\n\t\t\t\t\t\t<\/div>\n\t\t\t\t<\/div>\n\t\t\t\t<section class=\"elementor-section elementor-inner-section elementor-element elementor-element-7453012 elementor-section-boxed elementor-section-height-default elementor-section-height-default\" data-id=\"7453012\" data-element_type=\"section\" data-settings=\"{&quot;background_background&quot;:&quot;classic&quot;}\">\n\t\t\t\t\t\t<div class=\"elementor-container elementor-column-gap-default\">\n\t\t\t\t\t\t\t<div class=\"elementor-row\">\n\t\t\t\t\t<div class=\"elementor-column elementor-col-33 elementor-inner-column elementor-element elementor-element-67ca4c0\" data-id=\"67ca4c0\" data-element_type=\"column\">\n\t\t\t<div class=\"elementor-column-wrap elementor-element-populated\">\n\t\t\t\t\t\t\t<div class=\"elementor-widget-wrap\">\n\t\t\t\t\t\t<div class=\"elementor-element elementor-element-49779012 elementor-widget elementor-widget-text-editor\" data-id=\"49779012\" data-element_type=\"widget\" data-widget_type=\"text-editor.default\">\n\t\t\t\t<div class=\"elementor-widget-container\">\n\t\t\t\t\t\t\t\t<div class=\"elementor-text-editor elementor-clearfix\">\n\t\t\t\t<p>We kept alive the knowhow of the industrial modelling shop&#8230;<\/p>\n\t\t\t\t\t<\/div>\n\t\t\t\t\t\t<\/div>\n\t\t\t\t<\/div>\n\t\t\t\t\t\t<\/div>\n\t\t\t\t\t<\/div>\n\t\t<\/div>\n\t\t\t\t<div class=\"elementor-column elementor-col-33 elementor-inner-column elementor-element elementor-element-d608fed\" data-id=\"d608fed\" data-element_type=\"column\">\n\t\t\t<div class=\"elementor-column-wrap\">\n\t\t\t\t\t\t\t<div class=\"elementor-widget-wrap\">\n\t\t\t\t\t\t\t\t<\/div>\n\t\t\t\t\t<\/div>\n\t\t<\/div>\n\t\t\t\t<div class=\"elementor-column elementor-col-33 elementor-inner-column elementor-element elementor-element-4a0b3f8\" data-id=\"4a0b3f8\" data-element_type=\"column\">\n\t\t\t<div class=\"elementor-column-wrap elementor-element-populated\">\n\t\t\t\t\t\t\t<div class=\"elementor-widget-wrap\">\n\t\t\t\t\t\t<div class=\"elementor-element elementor-element-679207dd elementor-widget elementor-widget-text-editor\" data-id=\"679207dd\" data-element_type=\"widget\" data-widget_type=\"text-editor.default\">\n\t\t\t\t<div class=\"elementor-widget-container\">\n\t\t\t\t\t\t\t\t<div class=\"elementor-text-editor elementor-clearfix\">\n\t\t\t\t<p>They are still in use in our day to day production. We use these skills to produce prototype tools and to finish precise and critical parts.<\/p>\n\t\t\t\t\t<\/div>\n\t\t\t\t\t\t<\/div>\n\t\t\t\t<\/div>\n\t\t\t\t\t\t<\/div>\n\t\t\t\t\t<\/div>\n\t\t<\/div>\n\t\t\t\t\t\t\t\t<\/div>\n\t\t\t\t\t<\/div>\n\t\t<\/section>\n\t\t\t\t<section class=\"elementor-section elementor-inner-section elementor-element elementor-element-84c61e4 elementor-section-boxed elementor-section-height-default elementor-section-height-default\" data-id=\"84c61e4\" data-element_type=\"section\">\n\t\t\t\t\t\t<div class=\"elementor-container elementor-column-gap-default\">\n\t\t\t\t\t\t\t<div class=\"elementor-row\">\n\t\t\t\t\t<div class=\"elementor-column elementor-col-100 elementor-inner-column elementor-element elementor-element-6c777ed\" data-id=\"6c777ed\" data-element_type=\"column\">\n\t\t\t<div class=\"elementor-column-wrap elementor-element-populated\">\n\t\t\t\t\t\t\t<div class=\"elementor-widget-wrap\">\n\t\t\t\t\t\t<div class=\"elementor-element elementor-element-ac0ff68 elementor-widget elementor-widget-text-editor\" data-id=\"ac0ff68\" data-element_type=\"widget\" data-widget_type=\"text-editor.default\">\n\t\t\t\t<div class=\"elementor-widget-container\">\n\t\t\t\t\t\t\t\t<div class=\"elementor-text-editor elementor-clearfix\">\n\t\t\t\t<p><span class=\"tlid-translation translation\"><span class=\"\" title=\"\">Operators in this sector have a manual know-how that allows us to offer fine surface conditions or high polishing levels.<\/span><\/span><\/p>\n\t\t\t\t\t<\/div>\n\t\t\t\t\t\t<\/div>\n\t\t\t\t<\/div>\n\t\t\t\t\t\t<\/div>\n\t\t\t\t\t<\/div>\n\t\t<\/div>\n\t\t\t\t\t\t\t\t<\/div>\n\t\t\t\t\t<\/div>\n\t\t<\/section>\n\t\t\t\t\t\t<\/div>\n\t\t\t\t\t<\/div>\n\t\t<\/div>\n\t\t\t\t\t\t\t\t<\/div>\n\t\t\t\t\t<\/div>\n\t\t<\/section>\n\t\t\t\t<section class=\"elementor-section elementor-top-section elementor-element elementor-element-28edcc47 elementor-section-full_width elementor-section-content-middle elementor-section-height-default elementor-section-height-default\" data-id=\"28edcc47\" data-element_type=\"section\" data-settings=\"{&quot;background_background&quot;:&quot;classic&quot;}\">\n\t\t\t\t\t\t<div class=\"elementor-container elementor-column-gap-default\">\n\t\t\t\t\t\t\t<div class=\"elementor-row\">\n\t\t\t\t\t<div class=\"elementor-column elementor-col-33 elementor-top-column elementor-element elementor-element-1630955a\" data-id=\"1630955a\" data-element_type=\"column\">\n\t\t\t<div class=\"elementor-column-wrap elementor-element-populated\">\n\t\t\t\t\t\t\t<div class=\"elementor-widget-wrap\">\n\t\t\t\t\t\t<div class=\"elementor-element elementor-element-6603b8a1 elementor-widget elementor-widget-image\" data-id=\"6603b8a1\" data-element_type=\"widget\" data-widget_type=\"image.default\">\n\t\t\t\t<div class=\"elementor-widget-container\">\n\t\t\t\t\t\t\t\t<div class=\"elementor-image\">\n\t\t\t\t\t\t\t\t\t\t\t\t<img decoding=\"async\" src=\"https:\/\/www.bestechnologies.fr\/wp-content\/uploads\/elementor\/thumbs\/differentes-techniques-modelage-savoir-faire-o4pyxxdis9krovyg4040nyjv2fm46pr060r95kadwo.png\" title=\"Modelling techniques\" alt=\"Modelling techniques\" loading=\"lazy\" \/>\t\t\t\t\t\t\t\t\t\t\t\t\t\t<\/div>\n\t\t\t\t\t\t<\/div>\n\t\t\t\t<\/div>\n\t\t\t\t\t\t<\/div>\n\t\t\t\t\t<\/div>\n\t\t<\/div>\n\t\t\t\t<div class=\"elementor-column elementor-col-33 elementor-top-column elementor-element elementor-element-687ad393\" data-id=\"687ad393\" data-element_type=\"column\">\n\t\t\t<div class=\"elementor-column-wrap elementor-element-populated\">\n\t\t\t\t\t\t\t<div class=\"elementor-widget-wrap\">\n\t\t\t\t\t\t<div class=\"elementor-element elementor-element-43114edd elementor-widget elementor-widget-heading\" data-id=\"43114edd\" data-element_type=\"widget\" data-widget_type=\"heading.default\">\n\t\t\t\t<div class=\"elementor-widget-container\">\n\t\t\t<h2 class=\"elementor-heading-title elementor-size-default\">Different<br> technics<\/h2>\t\t<\/div>\n\t\t\t\t<\/div>\n\t\t\t\t<div class=\"elementor-element elementor-element-5d9c35a1 elementor-widget elementor-widget-text-editor\" data-id=\"5d9c35a1\" data-element_type=\"widget\" data-widget_type=\"text-editor.default\">\n\t\t\t\t<div class=\"elementor-widget-container\">\n\t\t\t\t\t\t\t\t<div class=\"elementor-text-editor elementor-clearfix\">\n\t\t\t\t<p>We manufacture prototype tool made from wood or laminated resin, without or with thermic regulation. These process are used in the production of cutting or detouring fixture (mechanical or high pressure Water jet)<\/p>\n<p>These material laminated resin (epoxy based) are very durable and light weight.<br \/>\nWe use these technics in order to produce stands for parts and solve then ergonomics issues or carried weight in special machines.<\/p>\n\t\t\t\t\t<\/div>\n\t\t\t\t\t\t<\/div>\n\t\t\t\t<\/div>\n\t\t\t\t\t\t<\/div>\n\t\t\t\t\t<\/div>\n\t\t<\/div>\n\t\t\t\t<div class=\"elementor-column elementor-col-33 elementor-top-column elementor-element elementor-element-3381ca77\" data-id=\"3381ca77\" data-element_type=\"column\">\n\t\t\t<div class=\"elementor-column-wrap\">\n\t\t\t\t\t\t\t<div class=\"elementor-widget-wrap\">\n\t\t\t\t\t\t\t\t<\/div>\n\t\t\t\t\t<\/div>\n\t\t<\/div>\n\t\t\t\t\t\t\t\t<\/div>\n\t\t\t\t\t<\/div>\n\t\t<\/section>\n\t\t\t\t\t\t\t\t\t<\/div>\n\t\t\t<\/div>\n\t\t\t\t\t<\/div>\n\t\t","protected":false},"excerpt":{"rendered":"<p>Modelling We kept alive the knowhow of the industrial modelling shop&#8230; They are still in use in our day to day production. We use these skills to produce prototype tools and to finish precise and critical parts. Operators in this sector have a manual know-how that allows us to offer fine surface conditions or high [&hellip;]<\/p>\n","protected":false},"author":4,"featured_media":0,"parent":0,"menu_order":0,"comment_status":"closed","ping_status":"closed","template":"","meta":[],"yoast_head":"<!-- This site is optimized with the Yoast SEO plugin v21.2 - https:\/\/yoast.com\/wordpress\/plugins\/seo\/ -->\n<title>Skill of industrial modelling, shaping | Bestechnologies<\/title>\n<meta name=\"description\" content=\"The Bestechnologies operators have a modelling\u2019 skill enable to propose ways of fine surfaces or high polishing level.\" \/>\n<meta name=\"robots\" content=\"index, follow, max-snippet:-1, max-image-preview:large, max-video-preview:-1\" \/>\n<link rel=\"canonical\" href=\"https:\/\/www.bestechnologies.fr\/en\/modelling\/\" \/>\n<meta property=\"og:locale\" content=\"en_US\" \/>\n<meta property=\"og:type\" content=\"article\" \/>\n<meta property=\"og:title\" content=\"Skill of industrial modelling, shaping | Bestechnologies\" \/>\n<meta property=\"og:description\" content=\"The Bestechnologies operators have a modelling\u2019 skill enable to propose ways of fine surfaces or high polishing level.\" \/>\n<meta property=\"og:url\" content=\"https:\/\/www.bestechnologies.fr\/en\/modelling\/\" \/>\n<meta property=\"og:site_name\" content=\"Bestechnologies\" \/>\n<meta property=\"article:modified_time\" content=\"2020-05-15T15:06:43+00:00\" \/>\n<meta property=\"og:image\" content=\"https:\/\/www.bestechnologies.fr\/wp-content\/uploads\/2019\/01\/bestechnologies-modelage.png\" \/>\n<meta name=\"twitter:card\" content=\"summary_large_image\" \/>\n<meta name=\"twitter:label1\" content=\"Est. reading time\" \/>\n\t<meta name=\"twitter:data1\" content=\"1 minute\" \/>\n<script type=\"application\/ld+json\" class=\"yoast-schema-graph\">{\"@context\":\"https:\/\/schema.org\",\"@graph\":[{\"@type\":\"WebPage\",\"@id\":\"https:\/\/www.bestechnologies.fr\/en\/modelling\/\",\"url\":\"https:\/\/www.bestechnologies.fr\/en\/modelling\/\",\"name\":\"Skill of industrial modelling, shaping | Bestechnologies\",\"isPartOf\":{\"@id\":\"https:\/\/www.bestechnologies.fr\/#website\"},\"datePublished\":\"2019-03-13T10:25:32+00:00\",\"dateModified\":\"2020-05-15T15:06:43+00:00\",\"description\":\"The Bestechnologies operators have a modelling\u2019 skill enable to propose ways of fine surfaces or high polishing level.\",\"breadcrumb\":{\"@id\":\"https:\/\/www.bestechnologies.fr\/en\/modelling\/#breadcrumb\"},\"inLanguage\":\"en-US\",\"potentialAction\":[{\"@type\":\"ReadAction\",\"target\":[\"https:\/\/www.bestechnologies.fr\/en\/modelling\/\"]}]},{\"@type\":\"BreadcrumbList\",\"@id\":\"https:\/\/www.bestechnologies.fr\/en\/modelling\/#breadcrumb\",\"itemListElement\":[{\"@type\":\"ListItem\",\"position\":1,\"name\":\"Accueil\",\"item\":\"https:\/\/www.bestechnologies.fr\/\"},{\"@type\":\"ListItem\",\"position\":2,\"name\":\"Modelling\"}]},{\"@type\":\"WebSite\",\"@id\":\"https:\/\/www.bestechnologies.fr\/#website\",\"url\":\"https:\/\/www.bestechnologies.fr\/\",\"name\":\"Bestechnologies\",\"description\":\"Outillage, Usinage et Prototypage pour les secteurs de l\u2019automobile, a\u00e9ronautique et \u00e9nerg\u00e9tique\",\"publisher\":{\"@id\":\"https:\/\/www.bestechnologies.fr\/#organization\"},\"potentialAction\":[{\"@type\":\"SearchAction\",\"target\":{\"@type\":\"EntryPoint\",\"urlTemplate\":\"https:\/\/www.bestechnologies.fr\/?s={search_term_string}\"},\"query-input\":\"required name=search_term_string\"}],\"inLanguage\":\"en-US\"},{\"@type\":\"Organization\",\"@id\":\"https:\/\/www.bestechnologies.fr\/#organization\",\"name\":\"BESTECHNOLOGIES \/ SAS BESTEL\",\"url\":\"https:\/\/www.bestechnologies.fr\/\",\"logo\":{\"@type\":\"ImageObject\",\"inLanguage\":\"en-US\",\"@id\":\"https:\/\/www.bestechnologies.fr\/#\/schema\/logo\/image\/\",\"url\":\"https:\/\/www.bestechnologies.fr\/wp-content\/uploads\/2019\/01\/primary-retina-logo-bestechnologies.png\",\"contentUrl\":\"https:\/\/www.bestechnologies.fr\/wp-content\/uploads\/2019\/01\/primary-retina-logo-bestechnologies.png\",\"width\":585,\"height\":160,\"caption\":\"BESTECHNOLOGIES \/ SAS BESTEL\"},\"image\":{\"@id\":\"https:\/\/www.bestechnologies.fr\/#\/schema\/logo\/image\/\"},\"sameAs\":[\"https:\/\/www.linkedin.com\/company\/bestechnologies-sas-bestel\"]}]}<\/script>\n<!-- \/ Yoast SEO plugin. -->","yoast_head_json":{"title":"Skill of industrial modelling, shaping | Bestechnologies","description":"The Bestechnologies operators have a modelling\u2019 skill enable to propose ways of fine surfaces or high polishing level.","robots":{"index":"index","follow":"follow","max-snippet":"max-snippet:-1","max-image-preview":"max-image-preview:large","max-video-preview":"max-video-preview:-1"},"canonical":"https:\/\/www.bestechnologies.fr\/en\/modelling\/","og_locale":"en_US","og_type":"article","og_title":"Skill of industrial modelling, shaping | Bestechnologies","og_description":"The Bestechnologies operators have a modelling\u2019 skill enable to propose ways of fine surfaces or high polishing level.","og_url":"https:\/\/www.bestechnologies.fr\/en\/modelling\/","og_site_name":"Bestechnologies","article_modified_time":"2020-05-15T15:06:43+00:00","og_image":[{"url":"https:\/\/www.bestechnologies.fr\/wp-content\/uploads\/2019\/01\/bestechnologies-modelage.png"}],"twitter_card":"summary_large_image","twitter_misc":{"Est. reading time":"1 minute"},"schema":{"@context":"https:\/\/schema.org","@graph":[{"@type":"WebPage","@id":"https:\/\/www.bestechnologies.fr\/en\/modelling\/","url":"https:\/\/www.bestechnologies.fr\/en\/modelling\/","name":"Skill of industrial modelling, shaping | Bestechnologies","isPartOf":{"@id":"https:\/\/www.bestechnologies.fr\/#website"},"datePublished":"2019-03-13T10:25:32+00:00","dateModified":"2020-05-15T15:06:43+00:00","description":"The Bestechnologies operators have a modelling\u2019 skill enable to propose ways of fine surfaces or high polishing level.","breadcrumb":{"@id":"https:\/\/www.bestechnologies.fr\/en\/modelling\/#breadcrumb"},"inLanguage":"en-US","potentialAction":[{"@type":"ReadAction","target":["https:\/\/www.bestechnologies.fr\/en\/modelling\/"]}]},{"@type":"BreadcrumbList","@id":"https:\/\/www.bestechnologies.fr\/en\/modelling\/#breadcrumb","itemListElement":[{"@type":"ListItem","position":1,"name":"Accueil","item":"https:\/\/www.bestechnologies.fr\/"},{"@type":"ListItem","position":2,"name":"Modelling"}]},{"@type":"WebSite","@id":"https:\/\/www.bestechnologies.fr\/#website","url":"https:\/\/www.bestechnologies.fr\/","name":"Bestechnologies","description":"Outillage, Usinage et Prototypage pour les secteurs de l\u2019automobile, a\u00e9ronautique et \u00e9nerg\u00e9tique","publisher":{"@id":"https:\/\/www.bestechnologies.fr\/#organization"},"potentialAction":[{"@type":"SearchAction","target":{"@type":"EntryPoint","urlTemplate":"https:\/\/www.bestechnologies.fr\/?s={search_term_string}"},"query-input":"required name=search_term_string"}],"inLanguage":"en-US"},{"@type":"Organization","@id":"https:\/\/www.bestechnologies.fr\/#organization","name":"BESTECHNOLOGIES \/ SAS BESTEL","url":"https:\/\/www.bestechnologies.fr\/","logo":{"@type":"ImageObject","inLanguage":"en-US","@id":"https:\/\/www.bestechnologies.fr\/#\/schema\/logo\/image\/","url":"https:\/\/www.bestechnologies.fr\/wp-content\/uploads\/2019\/01\/primary-retina-logo-bestechnologies.png","contentUrl":"https:\/\/www.bestechnologies.fr\/wp-content\/uploads\/2019\/01\/primary-retina-logo-bestechnologies.png","width":585,"height":160,"caption":"BESTECHNOLOGIES \/ SAS BESTEL"},"image":{"@id":"https:\/\/www.bestechnologies.fr\/#\/schema\/logo\/image\/"},"sameAs":["https:\/\/www.linkedin.com\/company\/bestechnologies-sas-bestel"]}]}},"_links":{"self":[{"href":"https:\/\/www.bestechnologies.fr\/en\/wp-json\/wp\/v2\/pages\/716"}],"collection":[{"href":"https:\/\/www.bestechnologies.fr\/en\/wp-json\/wp\/v2\/pages"}],"about":[{"href":"https:\/\/www.bestechnologies.fr\/en\/wp-json\/wp\/v2\/types\/page"}],"author":[{"embeddable":true,"href":"https:\/\/www.bestechnologies.fr\/en\/wp-json\/wp\/v2\/users\/4"}],"replies":[{"embeddable":true,"href":"https:\/\/www.bestechnologies.fr\/en\/wp-json\/wp\/v2\/comments?post=716"}],"version-history":[{"count":4,"href":"https:\/\/www.bestechnologies.fr\/en\/wp-json\/wp\/v2\/pages\/716\/revisions"}],"predecessor-version":[{"id":1104,"href":"https:\/\/www.bestechnologies.fr\/en\/wp-json\/wp\/v2\/pages\/716\/revisions\/1104"}],"wp:attachment":[{"href":"https:\/\/www.bestechnologies.fr\/en\/wp-json\/wp\/v2\/media?parent=716"}],"curies":[{"name":"wp","href":"https:\/\/api.w.org\/{rel}","templated":true}]}}