{"id":723,"date":"2019-03-13T11:50:43","date_gmt":"2019-03-13T10:50:43","guid":{"rendered":"https:\/\/www.bestechnologies.fr\/milling\/"},"modified":"2020-05-15T17:06:52","modified_gmt":"2020-05-15T15:06:52","slug":"milling","status":"publish","type":"page","link":"https:\/\/www.bestechnologies.fr\/en\/milling\/","title":{"rendered":"Milling"},"content":{"rendered":"\t\t<div data-elementor-type=\"wp-post\" data-elementor-id=\"723\" class=\"elementor elementor-723 elementor-363\">\n\t\t\t\t\t\t<div class=\"elementor-inner\">\n\t\t\t\t<div class=\"elementor-section-wrap\">\n\t\t\t\t\t\t\t\t\t<section class=\"elementor-section elementor-top-section elementor-element elementor-element-3f3cdc1 elementor-section-boxed elementor-section-height-default elementor-section-height-default\" data-id=\"3f3cdc1\" data-element_type=\"section\" data-settings=\"{&quot;background_background&quot;:&quot;classic&quot;}\">\n\t\t\t\t\t\t<div class=\"elementor-container elementor-column-gap-default\">\n\t\t\t\t\t\t\t<div class=\"elementor-row\">\n\t\t\t\t\t<div class=\"elementor-column elementor-col-100 elementor-top-column elementor-element elementor-element-f279134\" data-id=\"f279134\" data-element_type=\"column\">\n\t\t\t<div class=\"elementor-column-wrap elementor-element-populated\">\n\t\t\t\t\t\t\t<div class=\"elementor-widget-wrap\">\n\t\t\t\t\t\t<section class=\"elementor-section elementor-inner-section elementor-element elementor-element-a0115fb elementor-section-boxed elementor-section-height-default elementor-section-height-default\" data-id=\"a0115fb\" data-element_type=\"section\">\n\t\t\t\t\t\t<div class=\"elementor-container elementor-column-gap-default\">\n\t\t\t\t\t\t\t<div class=\"elementor-row\">\n\t\t\t\t\t<div class=\"elementor-column elementor-col-100 elementor-inner-column elementor-element elementor-element-3eeead9 bg-page-title\" data-id=\"3eeead9\" data-element_type=\"column\">\n\t\t\t<div class=\"elementor-column-wrap elementor-element-populated\">\n\t\t\t\t\t\t\t<div class=\"elementor-widget-wrap\">\n\t\t\t\t\t\t<div class=\"elementor-element elementor-element-28beabcb elementor-widget elementor-widget-heading\" data-id=\"28beabcb\" data-element_type=\"widget\" data-widget_type=\"heading.default\">\n\t\t\t\t<div class=\"elementor-widget-container\">\n\t\t\t<h1 class=\"elementor-heading-title elementor-size-default\">Milling<\/h1>\t\t<\/div>\n\t\t\t\t<\/div>\n\t\t\t\t\t\t<\/div>\n\t\t\t\t\t<\/div>\n\t\t<\/div>\n\t\t\t\t\t\t\t\t<\/div>\n\t\t\t\t\t<\/div>\n\t\t<\/section>\n\t\t\t\t<div class=\"elementor-element elementor-element-59e3baf0 elementor-hidden-tablet elementor-hidden-phone elementor-widget elementor-widget-image\" data-id=\"59e3baf0\" data-element_type=\"widget\" data-widget_type=\"image.default\">\n\t\t\t\t<div class=\"elementor-widget-container\">\n\t\t\t\t\t\t\t\t<div class=\"elementor-image\">\n\t\t\t\t\t\t\t\t\t\t\t\t<img decoding=\"async\" width=\"70\" height=\"68\" src=\"https:\/\/www.bestechnologies.fr\/wp-content\/uploads\/2019\/01\/bestechnologies-usinage.png\" class=\"attachment-full size-full wp-image-586\" alt=\"Bestechnologies Machining \/ Milling\" loading=\"lazy\" \/>\t\t\t\t\t\t\t\t\t\t\t\t\t\t<\/div>\n\t\t\t\t\t\t<\/div>\n\t\t\t\t<\/div>\n\t\t\t\t<div class=\"elementor-element elementor-element-d146330 elementor-widget elementor-widget-image\" data-id=\"d146330\" data-element_type=\"widget\" data-widget_type=\"image.default\">\n\t\t\t\t<div class=\"elementor-widget-container\">\n\t\t\t\t\t\t\t\t<div class=\"elementor-image\">\n\t\t\t\t\t\t\t\t\t\t\t\t<img decoding=\"async\" width=\"486\" height=\"505\" src=\"https:\/\/www.bestechnologies.fr\/wp-content\/uploads\/2019\/03\/savoir-faire-usinage.png\" class=\"attachment-full size-full wp-image-572\" alt=\"Milling\" loading=\"lazy\" srcset=\"https:\/\/www.bestechnologies.fr\/wp-content\/uploads\/2019\/03\/savoir-faire-usinage.png 486w, https:\/\/www.bestechnologies.fr\/wp-content\/uploads\/2019\/03\/savoir-faire-usinage-289x300.png 289w\" sizes=\"(max-width: 486px) 100vw, 486px\" \/>\t\t\t\t\t\t\t\t\t\t\t\t\t\t<\/div>\n\t\t\t\t\t\t<\/div>\n\t\t\t\t<\/div>\n\t\t\t\t<section class=\"elementor-section elementor-inner-section elementor-element elementor-element-860b87e elementor-section-boxed elementor-section-height-default elementor-section-height-default\" data-id=\"860b87e\" data-element_type=\"section\" data-settings=\"{&quot;background_background&quot;:&quot;classic&quot;}\">\n\t\t\t\t\t\t<div class=\"elementor-container elementor-column-gap-default\">\n\t\t\t\t\t\t\t<div class=\"elementor-row\">\n\t\t\t\t\t<div class=\"elementor-column elementor-col-33 elementor-inner-column elementor-element elementor-element-8c40512\" data-id=\"8c40512\" data-element_type=\"column\">\n\t\t\t<div class=\"elementor-column-wrap elementor-element-populated\">\n\t\t\t\t\t\t\t<div class=\"elementor-widget-wrap\">\n\t\t\t\t\t\t<div class=\"elementor-element elementor-element-11f6fd9d elementor-widget elementor-widget-text-editor\" data-id=\"11f6fd9d\" data-element_type=\"widget\" data-widget_type=\"text-editor.default\">\n\t\t\t\t<div class=\"elementor-widget-container\">\n\t\t\t\t\t\t\t\t<div class=\"elementor-text-editor elementor-clearfix\">\n\t\t\t\t<p>Our knowhow is recognized in the milling\/tooling business and we are proud today of the progress we made.<\/p>\n\t\t\t\t\t<\/div>\n\t\t\t\t\t\t<\/div>\n\t\t\t\t<\/div>\n\t\t\t\t\t\t<\/div>\n\t\t\t\t\t<\/div>\n\t\t<\/div>\n\t\t\t\t<div class=\"elementor-column elementor-col-33 elementor-inner-column elementor-element elementor-element-a0453ff\" data-id=\"a0453ff\" data-element_type=\"column\">\n\t\t\t<div class=\"elementor-column-wrap\">\n\t\t\t\t\t\t\t<div class=\"elementor-widget-wrap\">\n\t\t\t\t\t\t\t\t<\/div>\n\t\t\t\t\t<\/div>\n\t\t<\/div>\n\t\t\t\t<div class=\"elementor-column elementor-col-33 elementor-inner-column elementor-element elementor-element-c70a8a0\" data-id=\"c70a8a0\" data-element_type=\"column\">\n\t\t\t<div class=\"elementor-column-wrap elementor-element-populated\">\n\t\t\t\t\t\t\t<div class=\"elementor-widget-wrap\">\n\t\t\t\t\t\t<div class=\"elementor-element elementor-element-20be43fc elementor-widget elementor-widget-text-editor\" data-id=\"20be43fc\" data-element_type=\"widget\" data-widget_type=\"text-editor.default\">\n\t\t\t\t<div class=\"elementor-widget-container\">\n\t\t\t\t\t\t\t\t<div class=\"elementor-text-editor elementor-clearfix\">\n\t\t\t\t<p>Our modern machines 5 axis and 3 axis offer the latest existing technologies.<\/p>\n\t\t\t\t\t<\/div>\n\t\t\t\t\t\t<\/div>\n\t\t\t\t<\/div>\n\t\t\t\t\t\t<\/div>\n\t\t\t\t\t<\/div>\n\t\t<\/div>\n\t\t\t\t\t\t\t\t<\/div>\n\t\t\t\t\t<\/div>\n\t\t<\/section>\n\t\t\t\t<section class=\"elementor-section elementor-inner-section elementor-element elementor-element-d4cd465 elementor-section-boxed elementor-section-height-default elementor-section-height-default\" data-id=\"d4cd465\" data-element_type=\"section\">\n\t\t\t\t\t\t<div class=\"elementor-container elementor-column-gap-default\">\n\t\t\t\t\t\t\t<div class=\"elementor-row\">\n\t\t\t\t\t<div class=\"elementor-column elementor-col-100 elementor-inner-column elementor-element elementor-element-64898cb\" data-id=\"64898cb\" data-element_type=\"column\">\n\t\t\t<div class=\"elementor-column-wrap elementor-element-populated\">\n\t\t\t\t\t\t\t<div class=\"elementor-widget-wrap\">\n\t\t\t\t\t\t<div class=\"elementor-element elementor-element-680c88e7 elementor-widget elementor-widget-text-editor\" data-id=\"680c88e7\" data-element_type=\"widget\" data-widget_type=\"text-editor.default\">\n\t\t\t\t<div class=\"elementor-widget-container\">\n\t\t\t\t\t\t\t\t<div class=\"elementor-text-editor elementor-clearfix\">\n\t\t\t\t<p>Our machines are recent and we have 7 machines less than 4 years old on the total of 11 machines.<\/p>\n\t\t\t\t\t<\/div>\n\t\t\t\t\t\t<\/div>\n\t\t\t\t<\/div>\n\t\t\t\t\t\t<\/div>\n\t\t\t\t\t<\/div>\n\t\t<\/div>\n\t\t\t\t\t\t\t\t<\/div>\n\t\t\t\t\t<\/div>\n\t\t<\/section>\n\t\t\t\t\t\t<\/div>\n\t\t\t\t\t<\/div>\n\t\t<\/div>\n\t\t\t\t\t\t\t\t<\/div>\n\t\t\t\t\t<\/div>\n\t\t<\/section>\n\t\t\t\t<section class=\"elementor-section elementor-top-section elementor-element elementor-element-7cb2d69e elementor-section-full_width elementor-section-content-middle elementor-section-height-default elementor-section-height-default\" data-id=\"7cb2d69e\" data-element_type=\"section\" data-settings=\"{&quot;background_background&quot;:&quot;classic&quot;}\">\n\t\t\t\t\t\t<div class=\"elementor-container elementor-column-gap-default\">\n\t\t\t\t\t\t\t<div class=\"elementor-row\">\n\t\t\t\t\t<div class=\"elementor-column elementor-col-33 elementor-top-column elementor-element elementor-element-4138247d\" data-id=\"4138247d\" data-element_type=\"column\">\n\t\t\t<div class=\"elementor-column-wrap elementor-element-populated\">\n\t\t\t\t\t\t\t<div class=\"elementor-widget-wrap\">\n\t\t\t\t\t\t<div class=\"elementor-element elementor-element-59878d51 elementor-widget elementor-widget-image\" data-id=\"59878d51\" data-element_type=\"widget\" data-widget_type=\"image.default\">\n\t\t\t\t<div class=\"elementor-widget-container\">\n\t\t\t\t\t\t\t\t<div class=\"elementor-image\">\n\t\t\t\t\t\t\t\t\t\t\t\t<img decoding=\"async\" src=\"https:\/\/www.bestechnologies.fr\/wp-content\/uploads\/elementor\/thumbs\/savoir-faire-usinage-parc-machines-o4pyy6rwolxmwzksl46acw6h0absbosbjba3ybwg6g.png\" title=\"Know-How &#8211; Machinery\" alt=\"Know-How - Machinery\" loading=\"lazy\" \/>\t\t\t\t\t\t\t\t\t\t\t\t\t\t<\/div>\n\t\t\t\t\t\t<\/div>\n\t\t\t\t<\/div>\n\t\t\t\t\t\t<\/div>\n\t\t\t\t\t<\/div>\n\t\t<\/div>\n\t\t\t\t<div class=\"elementor-column elementor-col-33 elementor-top-column elementor-element elementor-element-24239aec\" data-id=\"24239aec\" data-element_type=\"column\">\n\t\t\t<div class=\"elementor-column-wrap elementor-element-populated\">\n\t\t\t\t\t\t\t<div class=\"elementor-widget-wrap\">\n\t\t\t\t\t\t<div class=\"elementor-element elementor-element-9960f2a elementor-widget elementor-widget-heading\" data-id=\"9960f2a\" data-element_type=\"widget\" data-widget_type=\"heading.default\">\n\t\t\t\t<div class=\"elementor-widget-container\">\n\t\t\t<h2 class=\"elementor-heading-title elementor-size-default\">Machinery<\/h2>\t\t<\/div>\n\t\t\t\t<\/div>\n\t\t\t\t<div class=\"elementor-element elementor-element-5437c30 elementor-widget elementor-widget-text-editor\" data-id=\"5437c30\" data-element_type=\"widget\" data-widget_type=\"text-editor.default\">\n\t\t\t\t<div class=\"elementor-widget-container\">\n\t\t\t\t\t\t\t\t<div class=\"elementor-text-editor elementor-clearfix\">\n\t\t\t\t<p>This differentiate us from our competitor that are few to offer the same equipment.<\/p>\n<p>We configured our machines in order to have a wide scope of size and power, and now we have machines between 1000 mm and 4200 mm.<\/p>\n<p>These machines are split between heavy duty \u2013 high torque roughing machine and high speed spindle for finishing.<\/p>\n<p>We can work on every type of material from ureol to titanium.<br \/>\nPlease visit our page dedicated to machines and equipment.<\/p>\n\t\t\t\t\t<\/div>\n\t\t\t\t\t\t<\/div>\n\t\t\t\t<\/div>\n\t\t\t\t<div class=\"elementor-element elementor-element-a3768c9 elementor-align-left elementor-widget elementor-widget-button\" data-id=\"a3768c9\" data-element_type=\"widget\" data-widget_type=\"button.default\">\n\t\t\t\t<div class=\"elementor-widget-container\">\n\t\t\t\t\t<div class=\"elementor-button-wrapper\">\n\t\t\t<a href=\"https:\/\/www.bestechnologies.fr\/en\/machinery\/\" class=\"elementor-button-link elementor-button elementor-size-sm\" role=\"button\">\n\t\t\t\t\t\t<span class=\"elementor-button-content-wrapper\">\n\t\t\t\t\t\t<span class=\"elementor-button-text\">See our machines park<\/span>\n\t\t<\/span>\n\t\t\t\t\t<\/a>\n\t\t<\/div>\n\t\t\t\t<\/div>\n\t\t\t\t<\/div>\n\t\t\t\t\t\t<\/div>\n\t\t\t\t\t<\/div>\n\t\t<\/div>\n\t\t\t\t<div class=\"elementor-column elementor-col-33 elementor-top-column elementor-element elementor-element-69c0f6b4\" data-id=\"69c0f6b4\" data-element_type=\"column\">\n\t\t\t<div class=\"elementor-column-wrap\">\n\t\t\t\t\t\t\t<div class=\"elementor-widget-wrap\">\n\t\t\t\t\t\t\t\t<\/div>\n\t\t\t\t\t<\/div>\n\t\t<\/div>\n\t\t\t\t\t\t\t\t<\/div>\n\t\t\t\t\t<\/div>\n\t\t<\/section>\n\t\t\t\t\t\t\t\t\t<\/div>\n\t\t\t<\/div>\n\t\t\t\t\t<\/div>\n\t\t","protected":false},"excerpt":{"rendered":"<p>Milling Our knowhow is recognized in the milling\/tooling business and we are proud today of the progress we made. Our modern machines 5 axis and 3 axis offer the latest existing technologies. Our machines are recent and we have 7 machines less than 4 years old on the total of 11 machines. Machinery This differentiate [&hellip;]<\/p>\n","protected":false},"author":4,"featured_media":0,"parent":0,"menu_order":0,"comment_status":"closed","ping_status":"closed","template":"","meta":[],"yoast_head":"<!-- This site is optimized with the Yoast SEO plugin v21.2 - https:\/\/yoast.com\/wordpress\/plugins\/seo\/ -->\n<title>Milling &amp; machining skills, 5 axis | Bestechnologies<\/title>\n<meta name=\"description\" content=\"In the machining area 5 complex axes, the Bestechnologies\u2019 machines 3-5 UGV axes enable to offer the best extant performance.\" \/>\n<meta name=\"robots\" content=\"index, follow, max-snippet:-1, max-image-preview:large, max-video-preview:-1\" \/>\n<link rel=\"canonical\" href=\"https:\/\/www.bestechnologies.fr\/en\/milling\/\" \/>\n<meta property=\"og:locale\" content=\"en_US\" \/>\n<meta property=\"og:type\" content=\"article\" \/>\n<meta property=\"og:title\" content=\"Milling &amp; machining skills, 5 axis | Bestechnologies\" \/>\n<meta property=\"og:description\" content=\"In the machining area 5 complex axes, the Bestechnologies\u2019 machines 3-5 UGV axes enable to offer the best extant performance.\" \/>\n<meta property=\"og:url\" content=\"https:\/\/www.bestechnologies.fr\/en\/milling\/\" \/>\n<meta property=\"og:site_name\" content=\"Bestechnologies\" \/>\n<meta property=\"article:modified_time\" content=\"2020-05-15T15:06:52+00:00\" \/>\n<meta property=\"og:image\" content=\"https:\/\/www.bestechnologies.fr\/wp-content\/uploads\/2019\/01\/bestechnologies-usinage.png\" \/>\n<meta name=\"twitter:card\" content=\"summary_large_image\" \/>\n<meta name=\"twitter:label1\" content=\"Est. reading time\" \/>\n\t<meta name=\"twitter:data1\" content=\"1 minute\" \/>\n<script type=\"application\/ld+json\" class=\"yoast-schema-graph\">{\"@context\":\"https:\/\/schema.org\",\"@graph\":[{\"@type\":\"WebPage\",\"@id\":\"https:\/\/www.bestechnologies.fr\/en\/milling\/\",\"url\":\"https:\/\/www.bestechnologies.fr\/en\/milling\/\",\"name\":\"Milling & machining skills, 5 axis | Bestechnologies\",\"isPartOf\":{\"@id\":\"https:\/\/www.bestechnologies.fr\/#website\"},\"datePublished\":\"2019-03-13T10:50:43+00:00\",\"dateModified\":\"2020-05-15T15:06:52+00:00\",\"description\":\"In the machining area 5 complex axes, the Bestechnologies\u2019 machines 3-5 UGV axes enable to offer the best extant performance.\",\"breadcrumb\":{\"@id\":\"https:\/\/www.bestechnologies.fr\/en\/milling\/#breadcrumb\"},\"inLanguage\":\"en-US\",\"potentialAction\":[{\"@type\":\"ReadAction\",\"target\":[\"https:\/\/www.bestechnologies.fr\/en\/milling\/\"]}]},{\"@type\":\"BreadcrumbList\",\"@id\":\"https:\/\/www.bestechnologies.fr\/en\/milling\/#breadcrumb\",\"itemListElement\":[{\"@type\":\"ListItem\",\"position\":1,\"name\":\"Accueil\",\"item\":\"https:\/\/www.bestechnologies.fr\/\"},{\"@type\":\"ListItem\",\"position\":2,\"name\":\"Milling\"}]},{\"@type\":\"WebSite\",\"@id\":\"https:\/\/www.bestechnologies.fr\/#website\",\"url\":\"https:\/\/www.bestechnologies.fr\/\",\"name\":\"Bestechnologies\",\"description\":\"Outillage, Usinage et Prototypage pour les secteurs de l\u2019automobile, a\u00e9ronautique et \u00e9nerg\u00e9tique\",\"publisher\":{\"@id\":\"https:\/\/www.bestechnologies.fr\/#organization\"},\"potentialAction\":[{\"@type\":\"SearchAction\",\"target\":{\"@type\":\"EntryPoint\",\"urlTemplate\":\"https:\/\/www.bestechnologies.fr\/?s={search_term_string}\"},\"query-input\":\"required name=search_term_string\"}],\"inLanguage\":\"en-US\"},{\"@type\":\"Organization\",\"@id\":\"https:\/\/www.bestechnologies.fr\/#organization\",\"name\":\"BESTECHNOLOGIES \/ SAS BESTEL\",\"url\":\"https:\/\/www.bestechnologies.fr\/\",\"logo\":{\"@type\":\"ImageObject\",\"inLanguage\":\"en-US\",\"@id\":\"https:\/\/www.bestechnologies.fr\/#\/schema\/logo\/image\/\",\"url\":\"https:\/\/www.bestechnologies.fr\/wp-content\/uploads\/2019\/01\/primary-retina-logo-bestechnologies.png\",\"contentUrl\":\"https:\/\/www.bestechnologies.fr\/wp-content\/uploads\/2019\/01\/primary-retina-logo-bestechnologies.png\",\"width\":585,\"height\":160,\"caption\":\"BESTECHNOLOGIES \/ SAS BESTEL\"},\"image\":{\"@id\":\"https:\/\/www.bestechnologies.fr\/#\/schema\/logo\/image\/\"},\"sameAs\":[\"https:\/\/www.linkedin.com\/company\/bestechnologies-sas-bestel\"]}]}<\/script>\n<!-- \/ Yoast SEO plugin. -->","yoast_head_json":{"title":"Milling & machining skills, 5 axis | Bestechnologies","description":"In the machining area 5 complex axes, the Bestechnologies\u2019 machines 3-5 UGV axes enable to offer the best extant performance.","robots":{"index":"index","follow":"follow","max-snippet":"max-snippet:-1","max-image-preview":"max-image-preview:large","max-video-preview":"max-video-preview:-1"},"canonical":"https:\/\/www.bestechnologies.fr\/en\/milling\/","og_locale":"en_US","og_type":"article","og_title":"Milling & machining skills, 5 axis | Bestechnologies","og_description":"In the machining area 5 complex axes, the Bestechnologies\u2019 machines 3-5 UGV axes enable to offer the best extant performance.","og_url":"https:\/\/www.bestechnologies.fr\/en\/milling\/","og_site_name":"Bestechnologies","article_modified_time":"2020-05-15T15:06:52+00:00","og_image":[{"url":"https:\/\/www.bestechnologies.fr\/wp-content\/uploads\/2019\/01\/bestechnologies-usinage.png"}],"twitter_card":"summary_large_image","twitter_misc":{"Est. reading time":"1 minute"},"schema":{"@context":"https:\/\/schema.org","@graph":[{"@type":"WebPage","@id":"https:\/\/www.bestechnologies.fr\/en\/milling\/","url":"https:\/\/www.bestechnologies.fr\/en\/milling\/","name":"Milling & machining skills, 5 axis | Bestechnologies","isPartOf":{"@id":"https:\/\/www.bestechnologies.fr\/#website"},"datePublished":"2019-03-13T10:50:43+00:00","dateModified":"2020-05-15T15:06:52+00:00","description":"In the machining area 5 complex axes, the Bestechnologies\u2019 machines 3-5 UGV axes enable to offer the best extant performance.","breadcrumb":{"@id":"https:\/\/www.bestechnologies.fr\/en\/milling\/#breadcrumb"},"inLanguage":"en-US","potentialAction":[{"@type":"ReadAction","target":["https:\/\/www.bestechnologies.fr\/en\/milling\/"]}]},{"@type":"BreadcrumbList","@id":"https:\/\/www.bestechnologies.fr\/en\/milling\/#breadcrumb","itemListElement":[{"@type":"ListItem","position":1,"name":"Accueil","item":"https:\/\/www.bestechnologies.fr\/"},{"@type":"ListItem","position":2,"name":"Milling"}]},{"@type":"WebSite","@id":"https:\/\/www.bestechnologies.fr\/#website","url":"https:\/\/www.bestechnologies.fr\/","name":"Bestechnologies","description":"Outillage, Usinage et Prototypage pour les secteurs de l\u2019automobile, a\u00e9ronautique et \u00e9nerg\u00e9tique","publisher":{"@id":"https:\/\/www.bestechnologies.fr\/#organization"},"potentialAction":[{"@type":"SearchAction","target":{"@type":"EntryPoint","urlTemplate":"https:\/\/www.bestechnologies.fr\/?s={search_term_string}"},"query-input":"required name=search_term_string"}],"inLanguage":"en-US"},{"@type":"Organization","@id":"https:\/\/www.bestechnologies.fr\/#organization","name":"BESTECHNOLOGIES \/ SAS BESTEL","url":"https:\/\/www.bestechnologies.fr\/","logo":{"@type":"ImageObject","inLanguage":"en-US","@id":"https:\/\/www.bestechnologies.fr\/#\/schema\/logo\/image\/","url":"https:\/\/www.bestechnologies.fr\/wp-content\/uploads\/2019\/01\/primary-retina-logo-bestechnologies.png","contentUrl":"https:\/\/www.bestechnologies.fr\/wp-content\/uploads\/2019\/01\/primary-retina-logo-bestechnologies.png","width":585,"height":160,"caption":"BESTECHNOLOGIES \/ SAS BESTEL"},"image":{"@id":"https:\/\/www.bestechnologies.fr\/#\/schema\/logo\/image\/"},"sameAs":["https:\/\/www.linkedin.com\/company\/bestechnologies-sas-bestel"]}]}},"_links":{"self":[{"href":"https:\/\/www.bestechnologies.fr\/en\/wp-json\/wp\/v2\/pages\/723"}],"collection":[{"href":"https:\/\/www.bestechnologies.fr\/en\/wp-json\/wp\/v2\/pages"}],"about":[{"href":"https:\/\/www.bestechnologies.fr\/en\/wp-json\/wp\/v2\/types\/page"}],"author":[{"embeddable":true,"href":"https:\/\/www.bestechnologies.fr\/en\/wp-json\/wp\/v2\/users\/4"}],"replies":[{"embeddable":true,"href":"https:\/\/www.bestechnologies.fr\/en\/wp-json\/wp\/v2\/comments?post=723"}],"version-history":[{"count":4,"href":"https:\/\/www.bestechnologies.fr\/en\/wp-json\/wp\/v2\/pages\/723\/revisions"}],"predecessor-version":[{"id":1108,"href":"https:\/\/www.bestechnologies.fr\/en\/wp-json\/wp\/v2\/pages\/723\/revisions\/1108"}],"wp:attachment":[{"href":"https:\/\/www.bestechnologies.fr\/en\/wp-json\/wp\/v2\/media?parent=723"}],"curies":[{"name":"wp","href":"https:\/\/api.w.org\/{rel}","templated":true}]}}